{"id":8640,"date":"2023-11-26T00:00:00","date_gmt":"2023-11-25T15:00:00","guid":{"rendered":"https:\/\/chunanagodvd2023.com\/store\/product\/%e3%82%a2%e3%83%80%e3%83%ab%e3%83%88%e3%81%aa%e5%8c%82%e3%81%84%e3%80%82-%e5%b0%8f%e6%97%a5%e5%90%91%e7%b5%90%e8%a1%a3\/"},"modified":"2024-05-27T17:32:59","modified_gmt":"2024-05-27T08:32:59","slug":"%e3%82%a2%e3%83%80%e3%83%ab%e3%83%88%e3%81%aa%e5%8c%82%e3%81%84%e3%80%82-%e5%b0%8f%e6%97%a5%e5%90%91%e7%b5%90%e8%a1%a3","status":"publish","type":"product","link":"https:\/\/chunanagodvd2023.com\/store\/product\/%e3%82%a2%e3%83%80%e3%83%ab%e3%83%88%e3%81%aa%e5%8c%82%e3%81%84%e3%80%82-%e5%b0%8f%e6%97%a5%e5%90%91%e7%b5%90%e8%a1%a3\/","title":{"rendered":"\u30a2\u30c0\u30eb\u30c8\u306a\u5302\u3044\u3002 \u5c0f\u65e5\u5411\u7d50\u8863"},"content":{"rendered":"","protected":false},"excerpt":{"rendered":"<p>\u30aa\u30c8\u30ca\u306e\u8272\u6c17\u3092\u8eab\u306b\u7e8f\u3044\u3001\u5927\u304d\u306a\u77b3\u3068\u304a\u3063\u3071\u3044\u306e\u304d\u308c\u3044\u306a\u304a\u59c9\u3055\u3093\u304c\u30a8\u30a2\u30b3\u30f3\u521d\u767b\u5834\uff01\u7121\u610f\u8b58\u306b\u8a98\u3046\u5f7c\u5973\u306e\u9b45\u529b\u306b\u30e1\u30ed\u30e1\u30ed\u306b\u306a\u308b\u3053\u3068\u9593\u9055\u3044\u306a\u3057\u306e\u304a\u5b9d\u6620\u50cf\u3002\u9154\u3063\u3066\u306f\u8a98\u3044\u3001\u9154\u3063\u3066\u306f\u00d7\u00d7\u00d7\u3057\u3061\u3083\u3046\u56f0\u60d1\u3057\u3064\u3064\u3082\u5b09\u3057\u3044\u30b7\u30c1\u30e5\u30a8\u30fc\u30b7\u30e7\u30f3\u304c\u305f\u3063\u3077\u308a\u8a70\u307e\u3063\u305f\u5168\u65e5\u672c\u7537\u6027\u5fc5\u898b\u306e\u5c0f\u65e5\u5411\u7d50\u8863\u6700\u65b0\u30a4\u30e1\u30fc\u30b8DVD\u3002<\/p>\n","protected":false},"featured_media":8641,"template":"","meta":{"_acf_changed":false,"_themeisle_gutenberg_block_has_review":false},"product_brand":[],"product_cat":[15,278,279,77,18,17,36,19],"product_tag":[],"class_list":{"0":"post-8640","1":"product","2":"type-product","3":"status-publish","4":"has-post-thumbnail","6":"product_cat-sku","7":"product_cat-aircontrol","8":"product_cat-z","9":"product_cat-77","10":"product_cat-genre","11":"product_cat-mfr","12":"product_cat-36","13":"product_cat-looks","15":"first","16":"instock","17":"purchasable","18":"product-type-simple"},"acf":[],"_links":{"self":[{"href":"https:\/\/chunanagodvd2023.com\/store\/wp-json\/wp\/v2\/product\/8640","targetHints":{"allow":["GET"]}}],"collection":[{"href":"https:\/\/chunanagodvd2023.com\/store\/wp-json\/wp\/v2\/product"}],"about":[{"href":"https:\/\/chunanagodvd2023.com\/store\/wp-json\/wp\/v2\/types\/product"}],"wp:featuredmedia":[{"embeddable":true,"href":"https:\/\/chunanagodvd2023.com\/store\/wp-json\/wp\/v2\/media\/8641"}],"wp:attachment":[{"href":"https:\/\/chunanagodvd2023.com\/store\/wp-json\/wp\/v2\/media?parent=8640"}],"wp:term":[{"taxonomy":"product_brand","embeddable":true,"href":"https:\/\/chunanagodvd2023.com\/store\/wp-json\/wp\/v2\/product_brand?post=8640"},{"taxonomy":"product_cat","embeddable":true,"href":"https:\/\/chunanagodvd2023.com\/store\/wp-json\/wp\/v2\/product_cat?post=8640"},{"taxonomy":"product_tag","embeddable":true,"href":"https:\/\/chunanagodvd2023.com\/store\/wp-json\/wp\/v2\/product_tag?post=8640"}],"curies":[{"name":"wp","href":"https:\/\/api.w.org\/{rel}","templated":true}]}}