{"id":56813,"date":"2018-04-23T00:00:00","date_gmt":"2018-04-22T15:00:00","guid":{"rendered":"https:\/\/chunanagodvd2023.com\/store\/product\/%e3%83%b4%e3%82%a3%e3%83%bc%e3%83%8a%e3%82%b9%e3%83%bb%e3%83%86%e3%83%ab%e3%83%a1-%e9%88%b4%e6%9c%a8%e7%9c%9f%e5%a4%95\/"},"modified":"2024-05-28T08:46:43","modified_gmt":"2024-05-27T23:46:43","slug":"%e3%83%b4%e3%82%a3%e3%83%bc%e3%83%8a%e3%82%b9%e3%83%bb%e3%83%86%e3%83%ab%e3%83%a1-%e9%88%b4%e6%9c%a8%e7%9c%9f%e5%a4%95","status":"publish","type":"product","link":"https:\/\/chunanagodvd2023.com\/store\/product\/%e3%83%b4%e3%82%a3%e3%83%bc%e3%83%8a%e3%82%b9%e3%83%bb%e3%83%86%e3%83%ab%e3%83%a1-%e9%88%b4%e6%9c%a8%e7%9c%9f%e5%a4%95\/","title":{"rendered":"\u30f4\u30a3\u30fc\u30ca\u30b9\u30fb\u30c6\u30eb\u30e1\/\u9234\u6728\u771f\u5915"},"content":{"rendered":"","protected":false},"excerpt":{"rendered":"<p>\u300c\u30f4\u30a3\u30fc\u30ca\u30b9\u30c6\u30eb\u30e1\u300d\u30b7\u30ea\u30fc\u30ba\u306b\u3001\u629c\u7fa4\u306e\u30d7\u30ed\u30dd\u30fc\u30b7\u30e7\u30f3\u3067\u4e16\u306e\u7537\u6027\u3092\u9b45\u4e86\u3057\u3066\u3044\u308b\u30bb\u30af\u30b7\u30fc\u5973\u512a\u306e\u9234\u6728\u771f\u5915\u3055\u3093\u304c\u767b\u5834\u3002\u4eca\u56de\u3082\u604b\u4eba\u6c17\u5206\u3067\u6e29\u6cc9\u30c7\u30fc\u30c8\u304c\u697d\u3057\u3081\u3061\u3083\u3046\u30d0\u30fc\u30c1\u30e3\u30eb\u30c7\u30fc\u30c8\u30e0\u30fc\u30d3\u30fc\u306b\u3002\u6df7\u6d74\u30b7\u30fc\u30f3\u306f\u52ff\u8ad6\u3001\u4e8c\u4eba\u3063\u304d\u308a\u306e\u6e29\u6cc9\u65c5\u884c\u3092\u3061\u3087\u3063\u3068\u30a8\u30c3\u30c1\u306b\u6f14\u51fa\u3002\u771f\u5915\u3061\u3083\u3093\u306e\u30aa\u30fc\u30eb\u30cc\u30fc\u30c9\u3067\u306e\u5165\u6d74\u59ff\u3082\u6e80\u8f09\u3002\u304a\u98a8\u5442\u306e\u5f8c\u306f\u3057\u3063\u307d\u308a\u00d7\u00d7\u00d7\u3002\u3055\u3042\u3001\u3042\u306a\u305f\u3082\u5f7c\u5973\u3068\u5922\u306e\u6e6f\u6e90\u90f7\u3078\u30ec\u30c3\u30c4\u30b4\u30fc\uff01<\/p>\n","protected":false},"featured_media":56814,"template":"","meta":{"_acf_changed":false,"_themeisle_gutenberg_block_has_review":false},"product_brand":[],"product_cat":[15,336,270,18,17,337,36,19],"product_tag":[],"class_list":{"0":"post-56813","1":"product","2":"type-product","3":"status-publish","4":"has-post-thumbnail","6":"product_cat-sku","7":"product_cat-a","8":"product_cat-270","9":"product_cat-genre","10":"product_cat-mfr","11":"product_cat-337","12":"product_cat-36","13":"product_cat-looks","15":"first","16":"instock","17":"purchasable","18":"product-type-simple"},"acf":[],"_links":{"self":[{"href":"https:\/\/chunanagodvd2023.com\/store\/wp-json\/wp\/v2\/product\/56813","targetHints":{"allow":["GET"]}}],"collection":[{"href":"https:\/\/chunanagodvd2023.com\/store\/wp-json\/wp\/v2\/product"}],"about":[{"href":"https:\/\/chunanagodvd2023.com\/store\/wp-json\/wp\/v2\/types\/product"}],"wp:featuredmedia":[{"embeddable":true,"href":"https:\/\/chunanagodvd2023.com\/store\/wp-json\/wp\/v2\/media\/56814"}],"wp:attachment":[{"href":"https:\/\/chunanagodvd2023.com\/store\/wp-json\/wp\/v2\/media?parent=56813"}],"wp:term":[{"taxonomy":"product_brand","embeddable":true,"href":"https:\/\/chunanagodvd2023.com\/store\/wp-json\/wp\/v2\/product_brand?post=56813"},{"taxonomy":"product_cat","embeddable":true,"href":"https:\/\/chunanagodvd2023.com\/store\/wp-json\/wp\/v2\/product_cat?post=56813"},{"taxonomy":"product_tag","embeddable":true,"href":"https:\/\/chunanagodvd2023.com\/store\/wp-json\/wp\/v2\/product_tag?post=56813"}],"curies":[{"name":"wp","href":"https:\/\/api.w.org\/{rel}","templated":true}]}}