{"id":55991,"date":"2018-02-24T00:00:00","date_gmt":"2018-02-23T15:00:00","guid":{"rendered":"https:\/\/chunanagodvd2023.com\/store\/product\/%e3%83%b4%e3%82%a3%e3%83%bc%e3%83%8a%e3%82%b9%e3%83%bb%e3%83%86%e3%83%ab%e3%83%a1-%e7%8e%89%e5%9f%8e%e3%83%9e%e3%82%a4\/"},"modified":"2024-05-28T08:25:03","modified_gmt":"2024-05-27T23:25:03","slug":"%e3%83%b4%e3%82%a3%e3%83%bc%e3%83%8a%e3%82%b9%e3%83%bb%e3%83%86%e3%83%ab%e3%83%a1-%e7%8e%89%e5%9f%8e%e3%83%9e%e3%82%a4","status":"publish","type":"product","link":"https:\/\/chunanagodvd2023.com\/store\/product\/%e3%83%b4%e3%82%a3%e3%83%bc%e3%83%8a%e3%82%b9%e3%83%bb%e3%83%86%e3%83%ab%e3%83%a1-%e7%8e%89%e5%9f%8e%e3%83%9e%e3%82%a4\/","title":{"rendered":"\u30f4\u30a3\u30fc\u30ca\u30b9\u30fb\u30c6\u30eb\u30e1\/\u7389\u57ce\u30de\u30a4"},"content":{"rendered":"","protected":false},"excerpt":{"rendered":"<p>\u300c\u30f4\u30a3\u30fc\u30ca\u30b9\u30c6\u30eb\u30e1\u300d\u30b7\u30ea\u30fc\u30ba\u306b\u3001\u30ad\u30e5\u30fc\u30c8\u3067\u30c1\u30e3\u30fc\u30df\u30f3\u30b0\u306a\u30bb\u30af\u30b7\u30fc\u30a2\u30a4\u30c9\u30eb\u5973\u512a\u306e\u7389\u57ce\u30de\u30a4\u3055\u3093\u304c\u767b\u5834\u3002\u604b\u4eba\u6c17\u5206\u3067\u6e29\u6cc9\u30c7\u30fc\u30c8\u304c\u697d\u3057\u3081\u3061\u3083\u3046\u30d0\u30fc\u30c1\u30e3\u30eb\u30c7\u30fc\u30c8\u30e0\u30fc\u30d3\u30fc\u3067\u3059\u3002\u6df7\u6d74\u30b7\u30fc\u30f3\u306f\u52ff\u8ad6\u3001\u30de\u30a4\u3061\u3083\u3093\u306e\u654f\u611f\u306a\u30b9\u30dd\u30c3\u30c8\u3092\u6d17\u3063\u3066\u3042\u3052\u305f\u308a\u3001\u9006\u306b\u6d17\u3063\u3066\u3082\u3089\u3063\u305f\u308a\uff01\u8ab0\u3082\u3044\u306a\u3044\u6e29\u6cc9\u3067\u00d7\u00d7\u00d7\u3057\u305f\u308a\u3001\u4e8c\u4eba\u3063\u304d\u308a\u306e\u6e29\u6cc9\u65c5\u884c\u3092\u3061\u3087\u3063\u3068\u30a8\u30c3\u30c1\u306b\u6f14\u51fa\u3002\u30de\u30a4\u3061\u3083\u3093\u3068\u306e\u6e29\u6cc9\u30c7\u30fc\u30c8\u3092\u304a\u697d\u3057\u307f\u304f\u3060\u3055\u3044\u3002<\/p>\n","protected":false},"featured_media":55992,"template":"","meta":{"_acf_changed":false},"product_brand":[],"product_cat":[336,270,18,17,15,337,36,19],"product_tag":[],"class_list":{"0":"post-55991","1":"product","2":"type-product","3":"status-publish","4":"has-post-thumbnail","6":"product_cat-a","7":"product_cat-270","8":"product_cat-genre","9":"product_cat-mfr","10":"product_cat-sku","11":"product_cat-337","12":"product_cat-36","13":"product_cat-looks","15":"first","16":"instock","17":"purchasable","18":"product-type-simple"},"acf":[],"_links":{"self":[{"href":"https:\/\/chunanagodvd2023.com\/store\/wp-json\/wp\/v2\/product\/55991","targetHints":{"allow":["GET"]}}],"collection":[{"href":"https:\/\/chunanagodvd2023.com\/store\/wp-json\/wp\/v2\/product"}],"about":[{"href":"https:\/\/chunanagodvd2023.com\/store\/wp-json\/wp\/v2\/types\/product"}],"wp:featuredmedia":[{"embeddable":true,"href":"https:\/\/chunanagodvd2023.com\/store\/wp-json\/wp\/v2\/media\/55992"}],"wp:attachment":[{"href":"https:\/\/chunanagodvd2023.com\/store\/wp-json\/wp\/v2\/media?parent=55991"}],"wp:term":[{"taxonomy":"product_brand","embeddable":true,"href":"https:\/\/chunanagodvd2023.com\/store\/wp-json\/wp\/v2\/product_brand?post=55991"},{"taxonomy":"product_cat","embeddable":true,"href":"https:\/\/chunanagodvd2023.com\/store\/wp-json\/wp\/v2\/product_cat?post=55991"},{"taxonomy":"product_tag","embeddable":true,"href":"https:\/\/chunanagodvd2023.com\/store\/wp-json\/wp\/v2\/product_tag?post=55991"}],"curies":[{"name":"wp","href":"https:\/\/api.w.org\/{rel}","templated":true}]}}