{"id":414127,"date":"2026-01-21T00:00:00","date_gmt":"2026-01-20T15:00:00","guid":{"rendered":"https:\/\/chunanagodvd2023.com\/store\/product\/%e4%b8%8d%e7%99%bb%e6%a0%a1%e5%a5%b3%e5%ad%90%e3%82%ad%e3%83%a1%e3%82%bb%e3%82%af%e3%81%a7%e6%b2%bc%e3%82%8b%ef%bc%81%e5%bd%bc%e5%a5%b3%e3%81%8c%e5%a5%bd%e3%81%8d%e3%81%aa%e3%82%82%e3%81%ae%e3%81%af\/"},"modified":"2026-01-21T22:43:13","modified_gmt":"2026-01-21T13:43:13","slug":"%e4%b8%8d%e7%99%bb%e6%a0%a1%e5%a5%b3%e5%ad%90%e3%82%ad%e3%83%a1%e3%82%bb%e3%82%af%e3%81%a7%e6%b2%bc%e3%82%8b%ef%bc%81%e5%bd%bc%e5%a5%b3%e3%81%8c%e5%a5%bd%e3%81%8d%e3%81%aa%e3%82%82%e3%81%ae%e3%81%af","status":"publish","type":"product","link":"https:\/\/chunanagodvd2023.com\/store\/product\/%e4%b8%8d%e7%99%bb%e6%a0%a1%e5%a5%b3%e5%ad%90%e3%82%ad%e3%83%a1%e3%82%bb%e3%82%af%e3%81%a7%e6%b2%bc%e3%82%8b%ef%bc%81%e5%bd%bc%e5%a5%b3%e3%81%8c%e5%a5%bd%e3%81%8d%e3%81%aa%e3%82%82%e3%81%ae%e3%81%af\/","title":{"rendered":"\u4e0d\u767b\u6821\u5973\u5b50\u30ad\u30e1\u30bb\u30af\u3067\u6cbc\u308b\uff01\u5f7c\u5973\u304c\u597d\u304d\u306a\u3082\u306e\u306f\u30c1\u3007\u30dd\u3067\u3042\u3063\u3066\u30dc\u30af\u3067\u306f\u306a\u3044\uff01"},"content":{"rendered":"","protected":false},"excerpt":{"rendered":"<p>\u30e6\u30df\u3068\u30b7\u30aa\u30ea\u306e\u63a8\u3057\u306f\u30bf\u30c1\u541b\u3060\u3063\u305f\u3002\u30e6\u30df\u304c\u5148\u99c6\u3051\u3057\u3066\u30bf\u30c1\u541b\u3068\u95a2\u4fc2\u3092\u6301\u3063\u305f\u3053\u3068\u304c\u304d\u3063\u304b\u3051\u3067\u2026\u30b7\u30aa\u30ea\u306e\u7b56\u7565\u3067\u30e6\u30df\u306f\u30e4\u30e9\u308c\u3066\u3057\u307e\u3044\u4e0d\u767b\u6821\u306b\u306a\u3063\u3066\u3057\u307e\u3063\u305f\u3002\u30e6\u30df\u306f\u90e8\u5c4b\u306b\u5f15\u304d\u3053\u3082\u308a\u30b7\u30aa\u30ea\u304b\u3089\u5c4a\u3044\u305f\u3010\u00d7\u00d7\u00d7\u3011\u306b\u624b\u3092\u51fa\u3057\u3066\u6027\u6b32\u30b8\u30e3\u30f3\u30ad\u30fc\u306b\u306a\u3063\u3066\u3044\u304f\u3002\u30b7\u30aa\u30ea\u3082\u8208\u5473\u672c\u4f4d\u3067\u3010\u00d7\u00d7\u00d7\u3011\u306b\u624b\u3092\u51fa\u3057\u3066\u2026\u5f7c\u5973\u9054\u306f\u3010\u00d7\u00d7\u00d7\u3011\u3067\u5c0e\u304b\u308c\u305f\u79d8\u5bc6\u306e\u96c6\u4f1a\u3067\u6c5a\u4ef2\u9593\u306b\u2026\u300c\u3069\u3053\u3067\u9593\u9055\u3063\u305f\u306e\uff1f\u6700\u521d\u304b\u3089\u3084\u308a\u76f4\u3059\u306e\uff1f\u305d\u308c\u3067\u3069\u3046\u306a\u308b\u308f\u3051\u3067\u3082\u306a\u3044\u3051\u308c\u3069\u2026\u300d\u53cb\u60c5\u3068\u88cf\u5207\u308a\u306e\u30a2\u30aa\u306f\u308b\u30b0\u30e9\u30d5\u30a3\u30c6\u30a3\u3010\u30b5\u30f3\u30d7\u30eb\u52d5\u753b\u306f\u30a4\u30e4\u30db\u30f3\u63a8\u5968\u3011<\/p>\n","protected":false},"featured_media":414128,"template":"","meta":{"_acf_changed":false,"_themeisle_gutenberg_block_has_review":false},"product_brand":[],"product_cat":[15,242,953,18,17,28,36,19],"product_tag":[],"class_list":{"0":"post-414127","1":"product","2":"type-product","3":"status-publish","4":"has-post-thumbnail","6":"product_cat-sku","7":"product_cat-faleno-tube","8":"product_cat-g","9":"product_cat-genre","10":"product_cat-mfr","11":"product_cat-28","12":"product_cat-36","13":"product_cat-looks","15":"first","16":"instock","17":"purchasable","18":"product-type-simple"},"acf":[],"_links":{"self":[{"href":"https:\/\/chunanagodvd2023.com\/store\/wp-json\/wp\/v2\/product\/414127","targetHints":{"allow":["GET"]}}],"collection":[{"href":"https:\/\/chunanagodvd2023.com\/store\/wp-json\/wp\/v2\/product"}],"about":[{"href":"https:\/\/chunanagodvd2023.com\/store\/wp-json\/wp\/v2\/types\/product"}],"wp:featuredmedia":[{"embeddable":true,"href":"https:\/\/chunanagodvd2023.com\/store\/wp-json\/wp\/v2\/media\/414128"}],"wp:attachment":[{"href":"https:\/\/chunanagodvd2023.com\/store\/wp-json\/wp\/v2\/media?parent=414127"}],"wp:term":[{"taxonomy":"product_brand","embeddable":true,"href":"https:\/\/chunanagodvd2023.com\/store\/wp-json\/wp\/v2\/product_brand?post=414127"},{"taxonomy":"product_cat","embeddable":true,"href":"https:\/\/chunanagodvd2023.com\/store\/wp-json\/wp\/v2\/product_cat?post=414127"},{"taxonomy":"product_tag","embeddable":true,"href":"https:\/\/chunanagodvd2023.com\/store\/wp-json\/wp\/v2\/product_tag?post=414127"}],"curies":[{"name":"wp","href":"https:\/\/api.w.org\/{rel}","templated":true}]}}