{"id":39941,"date":"2015-10-28T00:00:00","date_gmt":"2015-10-27T15:00:00","guid":{"rendered":"https:\/\/chunanagodvd2023.com\/store\/product\/%e3%81%82%e3%81%8a%e3%81%84%e3%81%af%e3%81%aa-%e9%9d%92%e4%ba%95%e3%81%af%e3%81%aa\/"},"modified":"2024-05-28T02:32:49","modified_gmt":"2024-05-27T17:32:49","slug":"%e3%81%82%e3%81%8a%e3%81%84%e3%81%af%e3%81%aa-%e9%9d%92%e4%ba%95%e3%81%af%e3%81%aa","status":"publish","type":"product","link":"https:\/\/chunanagodvd2023.com\/store\/product\/%e3%81%82%e3%81%8a%e3%81%84%e3%81%af%e3%81%aa-%e9%9d%92%e4%ba%95%e3%81%af%e3%81%aa\/","title":{"rendered":"\u3042\u304a\u3044\u306f\u306a \u9752\u4e95\u306f\u306a"},"content":{"rendered":"","protected":false},"excerpt":{"rendered":"<p>\u65b0\u661f\uff01G\u30ab\u30c3\u30d7\u306e\u5de8\u4e73\u30b0\u30e9\u30c9\u30eb\u304c\u65b0\u305f\u306b\u8a95\u751f\uff01\u9752\u4e95\u306f\u306a\u3061\u3083\u3093\u266a\u590f\u306f\u30ce\u30fc\u30d6\u30e9\u6d3e\u3068\u304b\uff01\uff1f\u304a\u3063\u304d\u306a\u30aa\u30c3\u30d1\u30a4\u304c\u00d7\u00d7\u00d7\u306a\u4e8b\u306b\u306a\u3063\u3061\u3083\u3046\uff1f\u30ed\u30ea\u3067\u7d14\u60c5\u305d\u3046\u306a\u9854\u3057\u3066\u3044\u304d\u306a\u308a\u30a2\u30af\u30bb\u30eb\u5168\u5feb\u306a\u4f5c\u54c1\u3067\u3059\u3088\uff01\u521d\u5fc3\u3055\u306f\u3053\u306e\u4f5c\u54c1\u3067\u3057\u304b\u898b\u308c\u306a\u3044\uff01<\/p>\n","protected":false},"featured_media":39942,"template":"","meta":{"_acf_changed":false,"_themeisle_gutenberg_block_has_review":false},"product_brand":[],"product_cat":[15,336,278,18,17,337,36,19],"product_tag":[],"class_list":{"0":"post-39941","1":"product","2":"type-product","3":"status-publish","4":"has-post-thumbnail","6":"product_cat-sku","7":"product_cat-a","8":"product_cat-aircontrol","9":"product_cat-genre","10":"product_cat-mfr","11":"product_cat-337","12":"product_cat-36","13":"product_cat-looks","15":"first","16":"instock","17":"purchasable","18":"product-type-simple"},"acf":[],"_links":{"self":[{"href":"https:\/\/chunanagodvd2023.com\/store\/wp-json\/wp\/v2\/product\/39941","targetHints":{"allow":["GET"]}}],"collection":[{"href":"https:\/\/chunanagodvd2023.com\/store\/wp-json\/wp\/v2\/product"}],"about":[{"href":"https:\/\/chunanagodvd2023.com\/store\/wp-json\/wp\/v2\/types\/product"}],"wp:featuredmedia":[{"embeddable":true,"href":"https:\/\/chunanagodvd2023.com\/store\/wp-json\/wp\/v2\/media\/39942"}],"wp:attachment":[{"href":"https:\/\/chunanagodvd2023.com\/store\/wp-json\/wp\/v2\/media?parent=39941"}],"wp:term":[{"taxonomy":"product_brand","embeddable":true,"href":"https:\/\/chunanagodvd2023.com\/store\/wp-json\/wp\/v2\/product_brand?post=39941"},{"taxonomy":"product_cat","embeddable":true,"href":"https:\/\/chunanagodvd2023.com\/store\/wp-json\/wp\/v2\/product_cat?post=39941"},{"taxonomy":"product_tag","embeddable":true,"href":"https:\/\/chunanagodvd2023.com\/store\/wp-json\/wp\/v2\/product_tag?post=39941"}],"curies":[{"name":"wp","href":"https:\/\/api.w.org\/{rel}","templated":true}]}}