{"id":365383,"date":"2025-05-07T00:00:00","date_gmt":"2025-05-06T15:00:00","guid":{"rendered":"https:\/\/chunanagodvd2023.com\/store\/product\/%e6%bd%9c%e5%85%a5%ef%bc%81sns%e3%81%a7%e5%a4%a7%e3%83%90%e3%82%ba%e3%82%8a%e4%b8%ad%e3%81%ae%e3%80%8e%e6%97%a5%e6%9c%ac%e4%b8%80%e6%8e%a5%e5%ae%a2%e6%85%8b%e5%ba%a6%e3%81%ae%e3%82%a8%e3%83%ad\/"},"modified":"2025-05-07T21:52:41","modified_gmt":"2025-05-07T12:52:41","slug":"%e6%bd%9c%e5%85%a5%ef%bc%81sns%e3%81%a7%e5%a4%a7%e3%83%90%e3%82%ba%e3%82%8a%e4%b8%ad%e3%81%ae%e3%80%8e%e6%97%a5%e6%9c%ac%e4%b8%80%e6%8e%a5%e5%ae%a2%e6%85%8b%e5%ba%a6%e3%81%ae%e3%82%a8%e3%83%ad","status":"publish","type":"product","link":"https:\/\/chunanagodvd2023.com\/store\/product\/%e6%bd%9c%e5%85%a5%ef%bc%81sns%e3%81%a7%e5%a4%a7%e3%83%90%e3%82%ba%e3%82%8a%e4%b8%ad%e3%81%ae%e3%80%8e%e6%97%a5%e6%9c%ac%e4%b8%80%e6%8e%a5%e5%ae%a2%e6%85%8b%e5%ba%a6%e3%81%ae%e3%82%a8%e3%83%ad\/","title":{"rendered":"\u6f5c\u5165\uff01SNS\u3067\u5927\u30d0\u30ba\u308a\u4e2d\u306e\u300e\u65e5\u672c\u4e00\u63a5\u5ba2\u614b\u5ea6\u306e\u30a8\u30ed\u3044\u30ab\u30d5\u30a7\u300f\u306f\u5b9f\u5728\u3059\u308b\u306e\u304b\uff01\uff1f"},"content":{"rendered":"","protected":false},"excerpt":{"rendered":"<p>\u67d0SNS\u3067\u8a71\u984c\u6cb8\u9a30\uff01\u2018\u65e5\u672c\u4e00\u63a5\u5ba2\u614b\u5ea6\u306e\u30a8\u30ed\u3044\u30ab\u30d5\u30a7\u2019\u306b\u6f5c\u5165\u53d6\u6750\uff01\u305d\u3053\u306b\u306f\u5922\u306e\u3088\u3046\u306a\u5149\u666f\u304c\u2026\uff01\u5165\u5e97\u3057\u3066\u3059\u3050\u3001\u3068\u3093\u3067\u3082\u306a\u3044\u30cf\u30ec\u30f3\u30c1\u30b3\u30b9\u30c1\u30e5\u30fc\u30e0\u3067\u304a\u51fa\u8fce\u3048\uff01\u300c\u30ca\u30dd\u30ea\u30bf\u30f3\u3068\u304a\u3063\u3071\u3044\u3069\u3063\u3061\u304c\u597d\u304d\uff5e\u300d\u3068\u9006\u30bb\u30af\u30cf\u30e9\u63a5\u5ba2\u304b\u3089\u59cb\u307e\u308a\u3001\u30c8\u30a4\u30ec\u3067\u3053\u3063\u305d\u308a\u25cb\u25cb\u25cb\uff01\u65b0\u4eba\u306e\u53ef\u611b\u3044\u30a6\u30d6\u5e97\u54e1\u3068\u00d7\u00d7\u00d7\uff01\u5e97\u5185\u30673\u5bfe3\u306e\u25b3\u25b3\u25b3\uff01\u3053\u308c\u304c\u4ee4\u548c\u306e\u5927\u30d0\u30ba\u308a\u63a5\u5ba2\u30b9\u30bf\u30a4\u30eb\u3060\uff01<\/p>\n","protected":false},"featured_media":365384,"template":"","meta":{"_acf_changed":false,"_themeisle_gutenberg_block_has_review":false},"product_brand":[],"product_cat":[15,925,18,17,28,36,19,156],"product_tag":[],"class_list":{"0":"post-365383","1":"product","2":"type-product","3":"status-publish","4":"has-post-thumbnail","6":"product_cat-sku","7":"product_cat-f","8":"product_cat-genre","9":"product_cat-mfr","10":"product_cat-28","11":"product_cat-36","12":"product_cat-looks","13":"product_cat-156","15":"first","16":"instock","17":"purchasable","18":"product-type-simple"},"acf":[],"_links":{"self":[{"href":"https:\/\/chunanagodvd2023.com\/store\/wp-json\/wp\/v2\/product\/365383","targetHints":{"allow":["GET"]}}],"collection":[{"href":"https:\/\/chunanagodvd2023.com\/store\/wp-json\/wp\/v2\/product"}],"about":[{"href":"https:\/\/chunanagodvd2023.com\/store\/wp-json\/wp\/v2\/types\/product"}],"wp:featuredmedia":[{"embeddable":true,"href":"https:\/\/chunanagodvd2023.com\/store\/wp-json\/wp\/v2\/media\/365384"}],"wp:attachment":[{"href":"https:\/\/chunanagodvd2023.com\/store\/wp-json\/wp\/v2\/media?parent=365383"}],"wp:term":[{"taxonomy":"product_brand","embeddable":true,"href":"https:\/\/chunanagodvd2023.com\/store\/wp-json\/wp\/v2\/product_brand?post=365383"},{"taxonomy":"product_cat","embeddable":true,"href":"https:\/\/chunanagodvd2023.com\/store\/wp-json\/wp\/v2\/product_cat?post=365383"},{"taxonomy":"product_tag","embeddable":true,"href":"https:\/\/chunanagodvd2023.com\/store\/wp-json\/wp\/v2\/product_tag?post=365383"}],"curies":[{"name":"wp","href":"https:\/\/api.w.org\/{rel}","templated":true}]}}