{"id":146077,"date":"2022-08-26T00:00:00","date_gmt":"2022-08-25T15:00:00","guid":{"rendered":"https:\/\/chunanagodvd2023.com\/store\/product\/%e3%81%93%e3%82%8c%e3%81%8b%e3%82%89xxx%e3%81%97%e3%81%be%e3%81%9b%e3%82%93%e3%81%8b%ef%bc%9f-%e5%b3%b0%e5%b0%be%e3%81%93%e3%81%9a%e3%81%88\/"},"modified":"2024-05-30T17:04:27","modified_gmt":"2024-05-30T08:04:27","slug":"%e3%81%93%e3%82%8c%e3%81%8b%e3%82%89xxx%e3%81%97%e3%81%be%e3%81%9b%e3%82%93%e3%81%8b%ef%bc%9f-%e5%b3%b0%e5%b0%be%e3%81%93%e3%81%9a%e3%81%88","status":"publish","type":"product","link":"https:\/\/chunanagodvd2023.com\/store\/product\/%e3%81%93%e3%82%8c%e3%81%8b%e3%82%89xxx%e3%81%97%e3%81%be%e3%81%9b%e3%82%93%e3%81%8b%ef%bc%9f-%e5%b3%b0%e5%b0%be%e3%81%93%e3%81%9a%e3%81%88\/","title":{"rendered":"\u3053\u308c\u304b\u3089\u00d7\u00d7\u00d7\u3057\u307e\u305b\u3093\u304b\uff1f\/\u5cf0\u5c3e\u3053\u305a\u3048"},"content":{"rendered":"","protected":false},"excerpt":{"rendered":"<p>\u300c\u541b\u306b\u3061\u3087\u3046\u3069\u3044\u3044\u5973\u306e\u5b50\u300d\u300c\u4f1a\u3048\u308b\u30b0\u30e9\u30d3\u30a2Tik Toker\u300d\u306e\u30ad\u30e3\u30c3\u30c1\u30b3\u30d4\u30fc\u3092\u6301\u3064\u30b0\u30e9\u30c9\u30eb\u306e\u5cf0\u5c3e\u3053\u305a\u3048\u3061\u3083\u3093\u306e\u6700\u65b0\u30a4\u30e1\u30fc\u30b8\u30022\u5e74\u3076\u308a\u306b\u518d\u3073\u30b0\u30e9\u30d3\u30a2\u754c\u306b\u821e\u3044\u623b\u308a\u2026\u3061\u3087\u3063\u3074\u308a\u5927\u4eba\u306b\u306a\u3063\u305f\u30bb\u30af\u30b7\u30fc\u3092\u5b58\u5206\u306b\u9b45\u305b\u3066\u304f\u308c\u308b\u3002<\/p>\n","protected":false},"featured_media":146078,"template":"","meta":{"_acf_changed":false},"product_brand":[],"product_cat":[722,77,18,271,17,15,36,19],"product_tag":[],"class_list":{"0":"post-146077","1":"product","2":"type-product","3":"status-publish","4":"has-post-thumbnail","6":"product_cat-w","7":"product_cat-77","8":"product_cat-genre","9":"product_cat-271","10":"product_cat-mfr","11":"product_cat-sku","12":"product_cat-36","13":"product_cat-looks","15":"first","16":"instock","17":"purchasable","18":"product-type-simple"},"acf":[],"_links":{"self":[{"href":"https:\/\/chunanagodvd2023.com\/store\/wp-json\/wp\/v2\/product\/146077","targetHints":{"allow":["GET"]}}],"collection":[{"href":"https:\/\/chunanagodvd2023.com\/store\/wp-json\/wp\/v2\/product"}],"about":[{"href":"https:\/\/chunanagodvd2023.com\/store\/wp-json\/wp\/v2\/types\/product"}],"wp:featuredmedia":[{"embeddable":true,"href":"https:\/\/chunanagodvd2023.com\/store\/wp-json\/wp\/v2\/media\/146078"}],"wp:attachment":[{"href":"https:\/\/chunanagodvd2023.com\/store\/wp-json\/wp\/v2\/media?parent=146077"}],"wp:term":[{"taxonomy":"product_brand","embeddable":true,"href":"https:\/\/chunanagodvd2023.com\/store\/wp-json\/wp\/v2\/product_brand?post=146077"},{"taxonomy":"product_cat","embeddable":true,"href":"https:\/\/chunanagodvd2023.com\/store\/wp-json\/wp\/v2\/product_cat?post=146077"},{"taxonomy":"product_tag","embeddable":true,"href":"https:\/\/chunanagodvd2023.com\/store\/wp-json\/wp\/v2\/product_tag?post=146077"}],"curies":[{"name":"wp","href":"https:\/\/api.w.org\/{rel}","templated":true}]}}